{"id":1359,"date":"2023-06-28T10:26:40","date_gmt":"2023-06-28T07:26:40","guid":{"rendered":"https:\/\/saulesziedas.lt\/contacts\/"},"modified":"2025-06-18T15:38:52","modified_gmt":"2025-06-18T12:38:52","slug":"contacts","status":"publish","type":"page","link":"https:\/\/saulesziedas.lt\/en\/contacts\/","title":{"rendered":"Contacts"},"content":{"rendered":"<p>[et_pb_section fb_built=&#8221;1&#8243; _builder_version=&#8221;4.21.0&#8243; _module_preset=&#8221;default&#8221; global_colors_info=&#8221;{}&#8221;][et_pb_row _builder_version=&#8221;4.21.0&#8243; _module_preset=&#8221;default&#8221; column_structure=&#8221;1_3,1_3,1_3&#8243;][et_pb_column _builder_version=&#8221;4.21.0&#8243; _module_preset=&#8221;default&#8221; type=&#8221;1_3&#8243;][et_pb_text _builder_version=&#8221;4.21.0&#8243; _module_preset=&#8221;default&#8221; hover_enabled=&#8221;0&#8243; sticky_enabled=&#8221;0&#8243;]<\/p>\n<p><strong>X international folklore contest-festival &#8220;The Flower of the Sun&#8221; (\u201eSaul\u0117s \u017eiedas\u201c)<\/strong><br \/>Vytautas st. 84, 76285 \u0160iauliai<br \/>Tel. +370 685 33142<br \/>E-mail: saulesziedasfestival@gmail.com<br \/>Website: www.saulesziedas.lt<\/p>\n<p>[\/et_pb_text][et_pb_text _builder_version=&#8221;4.21.0&#8243; _module_preset=&#8221;default&#8221; hover_enabled=&#8221;0&#8243; global_colors_info=&#8221;{}&#8221; sticky_enabled=&#8221;0&#8243;]<\/p>\n<p><strong>Organising committee of the contest festival<\/strong><br \/>Darius Daknys (festivalio meno vadovas)<br \/>R\u016bta Stankuvien\u0117<br \/>Regina Kva\u0161yt\u0117<br \/>Edvinas Budraitis<br \/>Vilius Kliminskas<br \/>Daina Kin\u010dinaitien\u0117<br \/>Diana Martinaitien\u0117<br \/>Zigmas Ripinskis<\/p>\n<p>&nbsp;<\/p>\n<p>[\/et_pb_text][\/et_pb_column][et_pb_column _builder_version=&#8221;4.21.0&#8243; _module_preset=&#8221;default&#8221; type=&#8221;1_3&#8243;][et_pb_text _builder_version=&#8221;4.21.0&#8243; _module_preset=&#8221;default&#8221; hover_enabled=&#8221;0&#8243; sticky_enabled=&#8221;0&#8243;]<\/p>\n<p><strong>Head of the Organizing Committee, Director of the Festival<\/strong><br \/>Zenonas Ripinskis<br \/>Mob. tel. +370 685 33 142<br \/>E-mail: zenonas.ripinskis@gmail.com<\/p>\n<p>[\/et_pb_text][et_pb_text _builder_version=&#8221;4.21.0&#8243; _module_preset=&#8221;default&#8221; hover_enabled=&#8221;0&#8243; sticky_enabled=&#8221;0&#8243;]<\/p>\n<p><strong>Art Director of the Festival:<\/strong><br \/>Darius Daknys<br \/>Tel: +37065657918<br \/>E-mail: dariusdaknys@gmail.com<\/p>\n<p>[\/et_pb_text][\/et_pb_column][et_pb_column _builder_version=&#8221;4.21.0&#8243; _module_preset=&#8221;default&#8221; type=&#8221;1_3&#8243;][et_pb_text _builder_version=&#8221;4.21.0&#8243; _module_preset=&#8221;default&#8221; hover_enabled=&#8221;0&#8243; sticky_enabled=&#8221;0&#8243;]<\/p>\n<p><strong>Communication coordinator:<\/strong><br \/>Indr\u0117 Gailien\u0117<br \/>El. pa\u0161tas: sziedas.media@gmail.com<\/p>\n<p>[\/et_pb_text][et_pb_text _builder_version=&#8221;4.21.0&#8243; _module_preset=&#8221;default&#8221; hover_enabled=&#8221;0&#8243; sticky_enabled=&#8221;0&#8243;]<\/p>\n<p><strong>Conact for merchants:<\/strong><br \/>Zita Mundinien\u0117<br \/>Mob. tel. +370 614 19 562<br \/>E-mail: zitamuge@gmail.com<\/p>\n<p>[\/et_pb_text][\/et_pb_column][\/et_pb_row][\/et_pb_section]<\/p>\n","protected":false},"excerpt":{"rendered":"<p>X international folklore contest-festival &#8220;The Flower of the Sun&#8221; (\u201eSaul\u0117s \u017eiedas\u201c)Vytautas st. 84, 76285 \u0160iauliaiTel. +370 685 33142E-mail: saulesziedasfestival@gmail.comWebsite: www.saulesziedas.ltOrganising committee of the contest festivalDarius Daknys (festivalio meno vadovas)R\u016bta Stankuvien\u0117Regina Kva\u0161yt\u0117Edvinas BudraitisVilius KliminskasDaina Kin\u010dinaitien\u0117Diana Martinaitien\u0117Zigmas Ripinskis &nbsp;Head of the Organizing Committee, Director of the FestivalZenonas RipinskisMob. tel. +370 685 33 142E-mail: zenonas.ripinskis@gmail.comArt Director of the [&hellip;]<\/p>\n","protected":false},"author":2,"featured_media":0,"parent":0,"menu_order":0,"comment_status":"closed","ping_status":"closed","template":"","meta":{"_et_pb_use_builder":"on","_et_pb_old_content":"","_et_gb_content_width":"","footnotes":""},"class_list":["post-1359","page","type-page","status-publish","hentry"],"_links":{"self":[{"href":"https:\/\/saulesziedas.lt\/en\/wp-json\/wp\/v2\/pages\/1359","targetHints":{"allow":["GET"]}}],"collection":[{"href":"https:\/\/saulesziedas.lt\/en\/wp-json\/wp\/v2\/pages"}],"about":[{"href":"https:\/\/saulesziedas.lt\/en\/wp-json\/wp\/v2\/types\/page"}],"author":[{"embeddable":true,"href":"https:\/\/saulesziedas.lt\/en\/wp-json\/wp\/v2\/users\/2"}],"replies":[{"embeddable":true,"href":"https:\/\/saulesziedas.lt\/en\/wp-json\/wp\/v2\/comments?post=1359"}],"version-history":[{"count":5,"href":"https:\/\/saulesziedas.lt\/en\/wp-json\/wp\/v2\/pages\/1359\/revisions"}],"predecessor-version":[{"id":12450,"href":"https:\/\/saulesziedas.lt\/en\/wp-json\/wp\/v2\/pages\/1359\/revisions\/12450"}],"wp:attachment":[{"href":"https:\/\/saulesziedas.lt\/en\/wp-json\/wp\/v2\/media?parent=1359"}],"curies":[{"name":"wp","href":"https:\/\/api.w.org\/{rel}","templated":true}]}}