{"id":1370,"date":"2023-06-27T15:05:28","date_gmt":"2023-06-27T12:05:28","guid":{"rendered":"https:\/\/saulesziedas.lt\/programme\/"},"modified":"2025-05-29T10:49:12","modified_gmt":"2025-05-29T07:49:12","slug":"programme","status":"publish","type":"page","link":"https:\/\/saulesziedas.lt\/en\/programme\/","title":{"rendered":"Programme 2023"},"content":{"rendered":"<p>[et_pb_section fb_built=&#8221;1&#8243; _builder_version=&#8221;4.21.0&#8243; _module_preset=&#8221;default&#8221; global_colors_info=&#8221;{}&#8221;][et_pb_row column_structure=&#8221;3_4,1_4&#8243; use_custom_gutter=&#8221;on&#8221; gutter_width=&#8221;2&#8243; make_equal=&#8221;on&#8221; _builder_version=&#8221;4.21.0&#8243; _module_preset=&#8221;default&#8221; hover_enabled=&#8221;0&#8243; global_colors_info=&#8221;{}&#8221; sticky_enabled=&#8221;0&#8243;][et_pb_column type=&#8221;3_4&#8243; _builder_version=&#8221;4.21.0&#8243; _module_preset=&#8221;default&#8221; background_color=&#8221;#FCC300&#8243; custom_padding=&#8221;30px|20px|20px|50px|false|false&#8221; global_colors_info=&#8221;{}&#8221;][et_pb_text _builder_version=&#8221;4.21.0&#8243; _module_preset=&#8221;default&#8221; header_4_font=&#8221;|700||on|||||&#8221; header_4_text_color=&#8221;#AC2D2E&#8221; header_4_line_height=&#8221;1.2em&#8221; background_enable_color=&#8221;off&#8221; hover_enabled=&#8221;0&#8243; global_colors_info=&#8221;{}&#8221; sticky_enabled=&#8221;0&#8243;]<\/p>\n<h4>Program of the contest-festival &#8220;Saul\u0117s \u017eiedas&#8221; 2023<\/h4>\n<p>[\/et_pb_text][\/et_pb_column][et_pb_column type=&#8221;1_4&#8243; _builder_version=&#8221;4.21.0&#8243; _module_preset=&#8221;default&#8221; background_color=&#8221;#EF7F1A&#8221; custom_padding=&#8221;30px|20px|20px|20px|false|true&#8221; link_option_url=&#8221;\/wp-content\/uploads\/saules-ziedas-programa.pdf&#8221; link_option_url_new_window=&#8221;on&#8221; hover_enabled=&#8221;0&#8243; global_colors_info=&#8221;{}&#8221; background__hover_enabled=&#8221;on|desktop&#8221; background_color__hover=&#8221;#AC2D2E&#8221; background_enable_color__hover=&#8221;on&#8221; sticky_enabled=&#8221;0&#8243;][et_pb_text _builder_version=&#8221;4.21.0&#8243; _module_preset=&#8221;default&#8221; header_4_font=&#8221;|700||on|||||&#8221; header_4_text_align=&#8221;center&#8221; header_4_text_color=&#8221;#FFFFFF&#8221; header_4_line_height=&#8221;1.2em&#8221; background_enable_color=&#8221;off&#8221; hover_enabled=&#8221;0&#8243; global_colors_info=&#8221;{}&#8221; sticky_enabled=&#8221;0&#8243;]<\/p>\n<h4>Download<\/h4>\n<p>[\/et_pb_text][\/et_pb_column][\/et_pb_row][et_pb_row _builder_version=&#8221;4.21.0&#8243; _module_preset=&#8221;default&#8221; global_colors_info=&#8221;{}&#8221;][et_pb_column type=&#8221;4_4&#8243; _builder_version=&#8221;4.21.0&#8243; _module_preset=&#8221;default&#8221; global_colors_info=&#8221;{}&#8221;][et_pb_tabs active_tab_background_color=&#8221;#FFFFFF&#8221; inactive_tab_background_color=&#8221;#FCC300&#8243; active_tab_text_color=&#8221;#AC2D2E&#8221; _builder_version=&#8221;4.21.0&#8243; _module_preset=&#8221;default&#8221; tab_text_color=&#8221;#AC2D2E&#8221; tab_font_size=&#8221;12px&#8221; tab_line_height=&#8221;1.5em&#8221; border_width_all=&#8221;0px&#8221; saved_tabs=&#8221;all&#8221; global_colors_info=&#8221;{}&#8221; global_module=&#8221;1328&#8243; theme_builder_area=&#8221;post_content&#8221;][et_pb_tab title=&#8221;2023-07-04 (Tuesday)&#8221; _builder_version=&#8221;4.21.0&#8243; _module_preset=&#8221;default&#8221; global_colors_info=&#8221;{}&#8221; theme_builder_area=&#8221;post_content&#8221;]<\/p>\n<h6>18:00<\/h6>\n<h5><strong>SOLEMN PROCESSION OF THE PARTICIPANTS OF THE IX INTERNATIONAL FOLK CONTEST-FESTIVAL \u201cTHE FLOWER OF THE SUN\u201d<\/strong><\/h5>\n<p><strong>Location:<\/strong> The procession moves down the pedestrian boulevard along Vilniaus str., from the hotel \u201c\u0160iauliai\u201d to the Main Stage of the Festival near the Chestnut Trees Alley (boulevard on Vilniaus str.)<br \/><strong>Participants: <\/strong>All participants of the festival<\/p>\n<h6><\/h6>\n<h6>18:00<\/h6>\n<h5><strong>AREA FOR PLAYING ETHNIC GAMES<\/strong><\/h5>\n<p><strong>Location:<\/strong> Pedestrian boulevard on Vilniaus str., near the Chestnut Threes Alley (Ka\u0161ton\u0173 al\u0117ja)<br \/><strong>Participants:<\/strong> Jonas Kavaliauskas<br \/>Etnopramog\u0173 erdv\u0117je \u017eaisime judriuosius lietuvi\u0173 liaudies \u017eaidimus, klamposime \u201eper pelkes \u017e\u0105s\u0173 kojel\u0117mis\u201c, vaik\u0161\u010diosime ir \u0161okin\u0117sime su koj\u016bkais, lenktyniausime su klump\u0117mis ir varysime ratus, \u017eaisime su lazdomis ir virv\u0117mis, mesime pauk\u0161\u010dio plunksn\u0105, suksime vilkelius ir terk\u0161les, gamin<\/p>\n<h6><\/h6>\n<h6>18:30<\/h6>\n<h5><strong>OPENING OF THE IX INTERNATIONAL FOLK CONTEST-FESTIVAL \u201cTHE FLOWER OF THE SUN\u201d AND THE CONCERT ON THE MAIN STAGE<\/strong><\/h5>\n<p><strong>Location:<\/strong> the Main Stage near the Chestnut Trees Alley (boulevard on Vilniaus str.)<br \/><strong>Participants:<\/strong> \u201eLunds Studenters Folkdanslag\u201c, \u201eRitmos y Ra\u00edces Paname\u00f1as Ballet Folkclorico\u201c, \u201eGrze\u015b\u201c, \u201cEl Redoble\u201d , \u201eHalychyna\u201d, \u201eSlezan\u201c, \u201eRancho t\u00edpico da Amorosa\u201c , \u201eTiszavir\u00e1g\u201c, LORETA SUNGAILIEN\u0116, DAMIL\u0116 AND LUKAS BAGDONAVI\u010cIAI, &#8220;AIDIJA&#8221;, Folk ensemble &#8220;SALDUV\u0116&#8221; of \u0160iauliai Culture centre &#8220;Laipt\u0173 galerija&#8221;, Folk Ensemble &#8220;SAUL\u0116&#8221; of \u0160iauliai Academy of Vilnius University, Ensemble \u201eJONIS\u201c, \u0160iauliai Participants of the festival from Lithuania<\/p>\n<p>[\/et_pb_tab][et_pb_tab title=&#8221;2023-07-05 (Wednesday)&#8221; _builder_version=&#8221;4.21.0&#8243; _module_preset=&#8221;default&#8221; global_colors_info=&#8221;{}&#8221; theme_builder_area=&#8221;post_content&#8221;]<\/p>\n<h6>10:00<\/h6>\n<h5><strong>THE INTERNATIONAL FOLK CONTEST<\/strong><\/h5>\n<p><strong>Location:<\/strong> \u0160iauliai Culture Centre (Au\u0161ros av. 31)<br \/><strong>Participants:<\/strong> Participants of the contest<br \/>10.00-12.00 Traditional folk dance groups<br \/>13.00-15.00 Choreographed Arrangements of folk dances<\/p>\n<p>&nbsp;<\/p>\n<h6>15:00<\/h6>\n<h5><strong>CONCERTS AND DANCE WORKSHOPS<\/strong><\/h5>\n<p><strong>Location:<\/strong> Near the caf\u00e9 \u201cArkos\u201d (Vilniaus str. 213)<br \/><strong>Participants:<\/strong> \u201eSlezan\u201c, \u201eLunds Studenters Folkdanslag\u201c, \u201eRancho t\u00edpico da Amorosa\u201c Lithuania<\/p>\n<p>&nbsp;<\/p>\n<h6>17:00<\/h6>\n<h5><strong>CONCERT ON THE \u201cSUN TERRACE\u201d<\/strong><\/h5>\n<p><strong>Location:<\/strong> Shopping and leisure centre \u201cSaul\u0117s miestas\u201d, 3rd floor (Til\u017e\u0117s str. 109)<br \/><strong>Participants:<\/strong> \u201cEl Redoble\u201d , \u201eRitmos y Ra\u00edces Paname\u00f1as Ballet Folkclorico\u201c, \u201eHalychyna\u201d<\/p>\n<p>&nbsp;<\/p>\n<h6>18:00<\/h6>\n<h5><strong>AREA FOR PLAYING ETHNIC GAMES<\/strong><\/h5>\n<p><strong>Location:<\/strong> Pedestrian boulevard on Vilniaus str., near the Chestnut Threes Alley (Ka\u0161ton\u0173 al\u0117ja)<br \/><strong>Participants:<\/strong> Jonas Kavaliauskas<\/p>\n<p>Etnopramog\u0173 erdv\u0117je \u017eaisime judriuosius lietuvi\u0173 liaudies \u017eaidimus, klamposime \u201eper pelkes \u017e\u0105s\u0173 kojel\u0117mis\u201c, vaik\u0161\u010diosime ir \u0161okin\u0117sime su koj\u016bkais, lenktyniausime su klump\u0117mis ir varysime ratus, \u017eaisime su lazdomis ir virv\u0117mis, mesime pauk\u0161\u010dio plunksn\u0105, suksime vilkelius ir terk\u0161les, gamin<\/p>\n<p>&nbsp;<\/p>\n<h6>18:30<\/h6>\n<h5><strong>MASSIVE DANCE \u201cTHE FLOWER OF THE SUN\u201d<\/strong><\/h5>\n<p><strong>Location:<\/strong> Near the Main Stage of the Festival<br \/><strong>Participants:<\/strong> Participants of the festival and audience members<\/p>\n<p>&nbsp;<\/p>\n<h6>19:00<\/h6>\n<h5><strong>CONCERT OF THE FESTIVAL AND THE CEREMONY OF AWARDS PRESENTED TO THE CONTEST WINNERS<\/strong><\/h5>\n<p><strong>Location:<\/strong> Main Stage near the Chestnut Threes Alley (Ka\u0161ton\u0173 al\u0117ja)<br \/><strong>Participants:<\/strong> \u201eGrze\u015b\u201c, \u201eSlezan\u201c, \u201eTiszavir\u00e1g\u201c, \u201eRancho t\u00edpico da Amorosa\u201c , Folklore ensemble \u201eLINKAVA\u201c of Linkuva culture center, Folklore ensemble \u201e\u017dIEDUP\u0116\u201c of Krakiai culture center, Folklore ensamble &#8220;KERMU\u0160IE&#8221; of Tverai branch of Rietavas district culture center , Norg\u0117lai village folk music ensamble &#8220;GIRU\u017d\u0116&#8221; of Raseiniai district culture center, Folk Ensemble &#8220;SAUL\u0116&#8221; of \u0160iauliai Academy of Vilnius University, Folk ensemble &#8220;MING\u0116&#8221;.<\/p>\n<p>Ceremony of awards presented to the winners of the Lithuanian School Student Drawing Contest \u201cThe Tree of Life\u201d<\/p>\n<p>[\/et_pb_tab][et_pb_tab title=&#8221;2023-07-06 (Thursday)&#8221; _builder_version=&#8221;4.21.0&#8243; _module_preset=&#8221;default&#8221; global_colors_info=&#8221;{}&#8221; theme_builder_area=&#8221;post_content&#8221;]<\/p>\n<h6>10:00<\/h6>\n<h5><strong>FAIR OF FOLK ART AND CRAFTS<\/strong><\/h5>\n<p><strong>Location:<\/strong> pedestrian boulevard along Vilniaus str.<br \/><strong>Participants:<\/strong> Folk artists, craftsmen and other merchants<\/p>\n<p>&nbsp;<\/p>\n<h6>13:00<\/h6>\n<h5><strong>CONCERT OF LITHUANIAN FOLK ENSEMBLES ON THE \u201cSUN TERRACE\u201d<\/strong><\/h5>\n<p><strong>Location:<\/strong> Shopping and leisure centre \u201cSaul\u0117s miestas\u201d, 3rd floor (Til\u017e\u0117s str. 109)<br \/><strong>Participants:<\/strong> Participants of the festival from Lithuania<\/p>\n<p>&nbsp;<\/p>\n<h6>17:00<\/h6>\n<h5><strong>CONCERT \u201cBETWEEN THE PEOPLE OF THE REGIONS OF AUK\u0160TAITIJA AND \u017dEMAITIJA\u201d<\/strong><\/h5>\n<p><strong>Location:<\/strong> Main Stage near the Chestnut Threes Alley (Ka\u0161ton\u0173 al\u0117ja)<br \/><strong>Participants:<\/strong> Folk ensemble &#8220;SALDUV\u0116&#8221; of \u0160iauliai Culture centre &#8220;Laipt\u0173 galerija&#8221;, Folklore ensemble &#8220;VIEVERS\u0116LIS&#8221; of \u0160iauliai Dainai music school, Folklore ensemble \u201eSIDABRIN\u0116 GIJA\u201c of \u0160iauliai culture center, Folk ensemble &#8220;VERPETA&#8221; of Kai\u0161iadorys Culture Centre, Folklore ensemble \u201eVAINUTA\u201c of the culture center of the old village traditions, Folklore ensemble \u201eVIE\u0160IA\u201c of leisure hall of neveronys of Ramu\u010diai culture center, Kaunas district, DAMIL\u0116 AND LUKAS BAGDONAVI\u010cIAI<\/p>\n<p>&nbsp;<\/p>\n<h6>18:00<\/h6>\n<h5><strong>AREA FOR PLAYING ETHNIC GAMES<\/strong><\/h5>\n<p><strong>Location:<\/strong> Pedestrian boulevard on Vilniaus str., near the Chestnut Threes Alley (Ka\u0161ton\u0173 al\u0117ja)<br \/><strong>Participants:<\/strong> Jonas Kavaliauskas<\/p>\n<p>Etnopramog\u0173 erdv\u0117je \u017eaisime judriuosius lietuvi\u0173 liaudies \u017eaidimus, klamposime \u201eper pelkes \u017e\u0105s\u0173 kojel\u0117mis\u201c, vaik\u0161\u010diosime ir \u0161okin\u0117sime su koj\u016bkais, lenktyniausime su klump\u0117mis ir varysime ratus, \u017eaisime su lazdomis ir virv\u0117mis, mesime pauk\u0161\u010dio plunksn\u0105, suksime vilkelius ir terk\u0161les, gamin<\/p>\n<p>&nbsp;<\/p>\n<h6>19:30<\/h6>\n<h5><strong>CONCERT OF KANKL\u0116S (BALTIC PSALTERY) MUSIC \u201cLET THE KANKL\u0116S PLAY\u201d<\/strong><\/h5>\n<p><strong>Location:<\/strong> Cathedral of Saints Apostles Peter and Paul, \u0160iauliai (Au\u0161ros av. 3)<br \/><strong>Participants:<\/strong> Koncerto \u201eSkamb\u0117kite, kankl\u0117s\u201c dalyvis: Alvaidas Bernotas, Koncerto \u201eSkamb\u0117kite, kankl\u0117s\u201c dalyvis: Juozas Janu\u017eas, Participant of the Concert &#8220;Let the Kankl\u0117s Play\u201c: \u201cPolifonija\u201d, Participant of the Concert &#8220;Let the Kankl\u0117s Play\u201c: &#8220;M\u0117ta&#8221;, Participant of the Concert &#8220;Let the Kankl\u0117s Play\u201c: \u201cM\u0117tel\u0117\u201d, Participant of the Concert &#8220;Let the Kankl\u0117s Play\u201c: Kankl\u0117s (Baltic Psaltery) Ensemble of Klaip\u0117da Faculty of Lithuanian Academy of Music and Theatre , Participant of the Concert &#8220;Let the Kankl\u0117s Play\u201c: Snieguol\u0117 Alijo\u0161aitien\u0117, Participant of the Concert &#8220;Let the Kankl\u0117s Play\u201c: Gabija Laimutyt\u0117 and Darija \u010cap\u010dai, Participant of the Concert &#8220;Let the Kankl\u0117s Play\u201c: &#8220;UT&#8221;, Participant of the Concert &#8220;Let the Kankl\u0117s Play\u201c: &#8220;Aust\u0117ja&#8221;, Participant of the Concert &#8220;Let the Kankl\u0117s Play\u201c: \u201cAkmen\u0117l\u0117\u201d, Participant of the Concert &#8220;Let the Kankl\u0117s Play\u201c: \u201cKanklyt\u0117s\u201d, Participant of the Concert &#8220;Let the Kankl\u0117s Play\u201c: \u201cLaumak\u0117\u201d, Participant of the Concert &#8220;Let the Kankl\u0117s Play\u201c: \u201cSaulala\u201d, Participant of the Concert &#8220;Let the Kankl\u0117s Play\u201c: Traditional Kankl\u0117s (Baltic Psaltery) Ensemble of Bir\u017eai \u201cSaul\u0117\u201d Gymnasium, Koncerto \u201eSkamb\u0117kite, kankl\u0117s\u201c dalyvis: Kankl\u0117s (Baltic Psaltery) Duet of Kelm\u0117 Algirdas Lipeika Art School, Participant of the Concert &#8220;Let the Kankl\u0117s Play\u201c: \u201c\u017demait\u0117j\u0117s vaka\u201d, Participant of the Concert &#8220;Let the Kankl\u0117s Play\u201c: Kankl\u0117s (Baltic Psaltery) Ensemble of Bir\u017eai Vladas Jakub\u0117nas Music School, Participant of the Concert &#8220;Let the Kankl\u0117s Play\u201c: Kankl\u0117s (Baltic Psaltery) Ensemble of Vilnius Naujoji Vilnia Music School, Participant of the Concert &#8220;Let the Kankl\u0117s Play\u201c : Traditional Kankl\u0117s (Baltic Psaltery) Ensemble of Pasvalys District Va\u0161kai Gymnasium, Participant of the Concert &#8220;Let the Kankl\u0117s Play\u201c: \u201cSaulut\u0117\u201d, Participant of the Concert &#8220;Let the Kankl\u0117s Play\u201c: Kankl\u0117s (Baltic Psaltery) Ensemble of Klaip\u0117da Stasys \u0160imkus Conservatoire, Participant of the Concert &#8220;Let the Kankl\u0117s Play\u201c: \u201cLiepait\u0117s\u201d, Participant of the Concert &#8220;Let the Kankl\u0117s Play\u201c: \u201cSadut\u0117\u201d, Participant of the Concert &#8220;Let the Kankl\u0117s Play\u201c: \u201cJovar\u0117lis\u201d Prof. Dr Ar\u016bnas Gumuliauskas<\/p>\n<p>&nbsp;<\/p>\n<h6>19:30<\/h6>\n<h5><strong>JOINT SINGING WITH LITHUANIAN FOLK ENSEMBLES<\/strong><\/h5>\n<p><strong>Location:<\/strong> Main Stage near the Chestnut Threes Alley (Ka\u0161ton\u0173 al\u0117ja)<br \/><strong>Participants:<\/strong> Participants of the festival<\/p>\n<p>&nbsp;<\/p>\n<h6>20:30<\/h6>\n<h5><strong>MASSIVE DANCE \u201cTHE FLOWER OF THE SUN\u201d<\/strong><\/h5>\n<p><strong>Location:<\/strong> Near the Main Stage of the Festival<br \/><strong>Participants:<\/strong> Participants of the festival and audience members<\/p>\n<p>&nbsp;<\/p>\n<h6>21:00<\/h6>\n<h5><strong>JOINT PERFORMANCE OF THE NATIONAL ANTHEM OF THE REPUBLIC OF LITHUANIA<\/strong><\/h5>\n<p><strong>Location:<\/strong> Main Stage near the Chestnut Threes Alley (Ka\u0161ton\u0173 al\u0117ja)<br \/><strong>Participants:<\/strong> Participants of the festival and audience members<\/p>\n<p>&nbsp;<\/p>\n<h6>21:00<\/h6>\n<h5><strong>CONCERT OF JONAS CHOCKEVI\u010cIUS (EX THUNDERTALE)<\/strong><\/h5>\n<p><strong>Location:<\/strong> Main Stage near the Chestnut Threes Alley (Ka\u0161ton\u0173 al\u0117ja)<br \/><strong>Participants:<\/strong> JONAS CHOCKEVI\u010cIUS<\/p>\n<p>&nbsp;<\/p>\n<h6>21:30<\/h6>\n<h5><strong>CONCERT OF THE FOLKLORE GROUP \u201cTARUTA\u201d (UKRAINE)<\/strong><\/h5>\n<p><strong>Location:<\/strong> Main Stage near the Chestnut Threes Alley (Ka\u0161ton\u0173 al\u0117ja)<br \/><strong>Participants:<\/strong> Folkrock group &#8220;TARUTA&#8221;<\/p>\n<p>&nbsp;<\/p>\n<h6>22:00<\/h6>\n<h5><strong>NIGHT DANCES. LITHUANIAN TRADITIONAL DANCES.<\/strong><\/h5>\n<p><strong>Location:<\/strong> Main Stage near the Chestnut Threes Alley (Ka\u0161ton\u0173 al\u0117ja)<br \/><strong>Participants:<\/strong> Folklore ensemble &#8220;VIEVERS\u0116LIS&#8221; of \u0160iauliai Dainai music school, Folk music ensemble &#8220;RADVIJA&#8221; of Radvili\u0161kis Culture Centre, Kelm\u0117s kult\u016bros centro folkloro ansamblis \u201eTADUJA\u201c, \u0160ilal\u0117s Rajono savivaldyb\u0117s kult\u016bros centro Laukuvos kult\u016bros nam\u0173 vaik\u0173 folkloro ansamblis \u201eD\u016aZGIN\u0116LIS\u201c, \u0160ilal\u0117s kult\u016bros centro vaik\u0173 folkloro ansamblis \u201eGERS SMUOKS\u201c<\/p>\n<p>[\/et_pb_tab][et_pb_tab title=&#8221;2023-07-07 (Friday)&#8221; _builder_version=&#8221;4.21.0&#8243; _module_preset=&#8221;default&#8221; global_colors_info=&#8221;{}&#8221; theme_builder_area=&#8221;post_content&#8221;]<\/p>\n<h6>10:00<\/h6>\n<h5><strong>FAIR OF FOLK ART AND CRAFTS<\/strong><\/h5>\n<p><strong>Location:<\/strong> Pedestrian boulevard along Vilniaus str.<br \/><strong>Participants:<\/strong> Folk artists, craftsmen and other merchants<\/p>\n<p>&nbsp;<\/p>\n<h6>10:00<\/h6>\n<h5><strong>INTERNATIONAL FOLK CONTEST<\/strong><\/h5>\n<p><strong>Location:<\/strong> \u0160iauliai Culture Centre (Au\u0161ros av. 31)<br \/><strong>Participants:<\/strong> Participants of the contest<br \/>10.00-12.00 Instrumental folk music ensembles and instrumental solo <br \/>13.00-15.00 Ensembles of traditional singing and folksong solo<\/p>\n<p>&nbsp;<\/p>\n<h6>15:00<\/h6>\n<h5><strong>CONCERTS AND DANCE WORKSHOPS<\/strong><\/h5>\n<p><strong>Location:<\/strong> Near the caf\u00e9 \u201cArkos\u201d (Vilniaus str. 213)<br \/><strong>Participants:<\/strong> \u201eGrze\u015b\u201c, \u201eTiszavir\u00e1g\u201c, \u201eRitmos y Ra\u00edces Paname\u00f1as Ballet Folkclorico\u201c Festival participants from Lithuania<\/p>\n<p>&nbsp;<\/p>\n<h6>17:00<\/h6>\n<h5><strong>CONCERT ON THE \u201cSUN TERRACE\u201d<\/strong><\/h5>\n<p><strong>Location:<\/strong> Shopping and leisure centre \u201cSaul\u0117s miestas\u201d, 3rd floor (Til\u017e\u0117s str. 109)<br \/><strong>Participants:<\/strong> \u201eLunds Studenters Folkdanslag\u201c, \u201eRancho t\u00edpico da Amorosa\u201c , \u201eSlezan\u201c<\/p>\n<p>&nbsp;<\/p>\n<h6>18:00<\/h6>\n<h5><strong>AREA FOR PLAYING ETHNIC GAMES<\/strong><\/h5>\n<p><strong>Location:<\/strong> Pedestrian boulevard on Vilniaus str., near the Chestnut Threes Alley (Ka\u0161ton\u0173 al\u0117ja)<br \/><strong>Participants:<\/strong> Jonas Kavaliauskas<\/p>\n<p>Etnopramog\u0173 erdv\u0117je \u017eaisime judriuosius lietuvi\u0173 liaudies \u017eaidimus, klamposime \u201eper pelkes \u017e\u0105s\u0173 kojel\u0117mis\u201c, vaik\u0161\u010diosime ir \u0161okin\u0117sime su koj\u016bkais, lenktyniausime su klump\u0117mis ir varysime ratus, \u017eaisime su lazdomis ir virv\u0117mis, mesime pauk\u0161\u010dio plunksn\u0105, suksime vilkelius ir terk\u0161les, gamin<\/p>\n<p>&nbsp;<\/p>\n<h6>18:30<\/h6>\n<h5><strong>MASSIVE DANCE \u201cTHE FLOWER OF THE SUN\u201d<\/strong><\/h5>\n<p><strong>Location:<\/strong> Near the Main Stage of the Festival<br \/><strong>Participants:<\/strong> Participants of the festival and audience members<\/p>\n<p>&nbsp;<\/p>\n<h6>19:00<\/h6>\n<h5><strong>CONCERT OF THE FESTIVAL AND THE CEREMONY OF AWARDS PRESENTED TO THE CONTEST WINNERS<\/strong><\/h5>\n<p><strong>Location:<\/strong> Main Stage near the Chestnut Threes Alley (Ka\u0161ton\u0173 al\u0117ja)<br \/><strong>Participants:<\/strong> \u201eHalychyna\u201d, \u201eLunds Studenters Folkdanslag\u201c, \u201eRitmos y Ra\u00edces Paname\u00f1as Ballet Folkclorico\u201c, Folk ensemble \u201eR\u012bgas Dan\u010di\u201c, \u201cEl Redoble\u201d , &#8220;Degule&#8221;, &#8220;VERDEN\u0116&#8221;, Folk ensemble &#8220;VERPETA&#8221; of Kai\u0161iadorys Culture Centre, Folklore ensemble \u201eLANKUPA\u201c of Vilkavi\u0161kis clture center, Folklore ensemble \u201eVIE\u0160IA\u201c of leisure hall of neveronys of Ramu\u010diai culture center, Kaunas district, Folk music ensemble &#8220;RADVIJA&#8221; of Radvili\u0161kis Culture Centre<\/p>\n<p>[\/et_pb_tab][et_pb_tab title=&#8221;2023-07-08 (Saturday)&#8221; _builder_version=&#8221;4.21.0&#8243; _module_preset=&#8221;default&#8221; global_colors_info=&#8221;{}&#8221; theme_builder_area=&#8221;post_content&#8221;]<\/p>\n<h6>10:00<\/h6>\n<h5><strong>FAIR OF FOLK ART AND CRAFTS<\/strong><\/h5>\n<p><strong>Location:<\/strong> Pedestrian boulevard along Vilniaus str.<br \/><strong>Participants:<\/strong> Folk artists, craftsmen and other merchants<\/p>\n<p>&nbsp;<\/p>\n<h6>11:00<\/h6>\n<h5><strong>AREA FOR PLAYING ETHNIC GAMES<\/strong><\/h5>\n<p><strong>Location:<\/strong> Pedestrian boulevard on Vilniaus str., near the Chestnut Threes Alley (Ka\u0161ton\u0173 al\u0117ja)<br \/><strong>Participants:<\/strong> Jonas Kavaliauskas<br \/>Etnopramog\u0173 erdv\u0117je \u017eaisime judriuosius lietuvi\u0173 liaudies \u017eaidimus, klamposime \u201eper pelkes \u017e\u0105s\u0173 kojel\u0117mis\u201c, vaik\u0161\u010diosime ir \u0161okin\u0117sime su koj\u016bkais, lenktyniausime su klump\u0117mis ir varysime ratus, \u017eaisime su lazdomis ir virv\u0117mis, mesime pauk\u0161\u010dio plunksn\u0105, suksime vilkelius ir terk\u0161les, gamin<\/p>\n<p>&nbsp;<\/p>\n<h6>11:00<\/h6>\n<h5><strong>CONCERTS AND DANCE WORKSHOPS<\/strong><\/h5>\n<p><strong>Location:<\/strong> Pedestrian boulevard along Vilniaus str.<br \/><strong>Participants:<\/strong> \u201eSlezan\u201c, \u201eRitmos y Ra\u00edces Paname\u00f1as Ballet Folkclorico\u201c, \u201cEl Redoble\u201d , \u201eHalychyna\u201d, \u201eLunds Studenters Folkdanslag\u201c, \u201eRancho t\u00edpico da Amorosa\u201c Gabriel Frontera Mestre, participants of the festival from Lithuania<br \/>in the \u201cRooster Clock\u201d square \u2013 ensembles from CZECH REPUBLIC, PANAMA and LITHUANIA;<br \/>near the caf\u00e9 \u201cArkos\u201d (Vilniaus str.<\/p>\n<p>&nbsp;<\/p>\n<h6>11:00<\/h6>\n<h5><strong>AREA FOR CRAFT CENTRES<\/strong><\/h5>\n<p>Location: Pedestrian boulevard on Vilniaus str., near the Chestnut Threes Alley (Ka\u0161ton\u0173 al\u0117ja)<br \/>Participants: Amatininkai ir tautodailininkai<\/p>\n<p>&nbsp;<\/p>\n<h6>12:00<\/h6>\n<h5><strong>CONCERT ON THE \u201cSUN TERRACE\u201d<\/strong><\/h5>\n<p><strong>Location:<\/strong> Shopping and leisure centre \u201cSaul\u0117s miestas\u201d, 3rd floor (Til\u017e\u0117s str. 109)<br \/><strong>Participants:<\/strong> \u201eGrze\u015b\u201c, \u201eTiszavir\u00e1g\u201c Participants of the festival<\/p>\n<p>&nbsp;<\/p>\n<h6>13:00<\/h6>\n<h5><strong>A SET OF LINE DANCES<\/strong><\/h5>\n<p><strong>Location:<\/strong> Near the Main Stage of the Festival<br \/><strong>Participants:<\/strong> Participants of the festival<\/p>\n<p>&nbsp;<\/p>\n<h6>18:30<\/h6>\n<h5><strong>MASSIVE DANCE \u201cTHE FLOWER OF THE SUN\u201d<\/strong><\/h5>\n<p><strong>Location:<\/strong> Main Stage near the Chestnut Threes Alley (Ka\u0161ton\u0173 al\u0117ja)<br \/><strong>Participants:<\/strong> Participants of the festival and audience members<\/p>\n<p>&nbsp;<\/p>\n<h6>19:00<\/h6>\n<h5><strong>THE FINAL CONCERT OF THE IX INTERNATIONAL FOLK CONTEST-FESTIVAL \u201cTHE FLOWER OF THE SUN\u201d AND PRESENTATION OF THE GRAND PRIX AWARD<\/strong><\/h5>\n<p><strong>Location:<\/strong> Main Stage near the Chestnut Threes Alley (Ka\u0161ton\u0173 al\u0117ja)<br \/><strong>Participants:<\/strong> \u201eLunds Studenters Folkdanslag\u201c, \u201eRitmos y Ra\u00edces Paname\u00f1as Ballet Folkclorico\u201c, \u201eGrze\u015b\u201c, \u201cEl Redoble\u201d , \u201eHalychyna\u201d, \u201eSlezan\u201c, \u201eRancho t\u00edpico da Amorosa\u201c , \u201eTiszavir\u00e1g\u201c participants of the festival from Lithuania<\/p>\n<p>[\/et_pb_tab][\/et_pb_tabs][\/et_pb_column][\/et_pb_row][\/et_pb_section]<\/p>\n","protected":false},"excerpt":{"rendered":"<p>Program of the contest-festival &#8220;Saul\u0117s \u017eiedas&#8221; 2023Download18:00 SOLEMN PROCESSION OF THE PARTICIPANTS OF THE IX INTERNATIONAL FOLK CONTEST-FESTIVAL \u201cTHE FLOWER OF THE SUN\u201d Location: The procession moves down the pedestrian boulevard along Vilniaus str., from the hotel \u201c\u0160iauliai\u201d to the Main Stage of the Festival near the Chestnut Trees Alley (boulevard on Vilniaus str.)Participants: All [&hellip;]<\/p>\n","protected":false},"author":2,"featured_media":0,"parent":0,"menu_order":0,"comment_status":"closed","ping_status":"closed","template":"","meta":{"_et_pb_use_builder":"on","_et_pb_old_content":"","_et_gb_content_width":"","footnotes":""},"class_list":["post-1370","page","type-page","status-publish","hentry"],"_links":{"self":[{"href":"https:\/\/saulesziedas.lt\/en\/wp-json\/wp\/v2\/pages\/1370","targetHints":{"allow":["GET"]}}],"collection":[{"href":"https:\/\/saulesziedas.lt\/en\/wp-json\/wp\/v2\/pages"}],"about":[{"href":"https:\/\/saulesziedas.lt\/en\/wp-json\/wp\/v2\/types\/page"}],"author":[{"embeddable":true,"href":"https:\/\/saulesziedas.lt\/en\/wp-json\/wp\/v2\/users\/2"}],"replies":[{"embeddable":true,"href":"https:\/\/saulesziedas.lt\/en\/wp-json\/wp\/v2\/comments?post=1370"}],"version-history":[{"count":6,"href":"https:\/\/saulesziedas.lt\/en\/wp-json\/wp\/v2\/pages\/1370\/revisions"}],"predecessor-version":[{"id":10255,"href":"https:\/\/saulesziedas.lt\/en\/wp-json\/wp\/v2\/pages\/1370\/revisions\/10255"}],"wp:attachment":[{"href":"https:\/\/saulesziedas.lt\/en\/wp-json\/wp\/v2\/media?parent=1370"}],"curies":[{"name":"wp","href":"https:\/\/api.w.org\/{rel}","templated":true}]}}