{"id":9574,"date":"2024-09-17T23:23:22","date_gmt":"2024-09-17T20:23:22","guid":{"rendered":"https:\/\/saulesziedas.lt\/regulations\/"},"modified":"2026-03-04T13:36:06","modified_gmt":"2026-03-04T11:36:06","slug":"regulations","status":"publish","type":"page","link":"https:\/\/saulesziedas.lt\/en\/regulations\/","title":{"rendered":"Regulations"},"content":{"rendered":"<p>[et_pb_section fb_built=&#8221;1&#8243; _builder_version=&#8221;4.21.0&#8243; _module_preset=&#8221;default&#8221; global_colors_info=&#8221;{}&#8221;][et_pb_row _builder_version=&#8221;4.21.0&#8243; _module_preset=&#8221;default&#8221; global_colors_info=&#8221;{}&#8221;][et_pb_column type=&#8221;4_4&#8243; _builder_version=&#8221;4.21.0&#8243; _module_preset=&#8221;default&#8221; global_colors_info=&#8221;{}&#8221;][et_pb_text _builder_version=&#8221;4.27.6&#8243; _module_preset=&#8221;default&#8221; hover_enabled=&#8221;0&#8243; global_colors_info=&#8221;{}&#8221; sticky_enabled=&#8221;0&#8243;]<\/p>\n<h1 style=\"text-align: center;\"><span style=\"text-decoration: underline;\"><strong><a href=\"https:\/\/docs.google.com\/forms\/d\/e\/1FAIpQLSfSqaElmgFqgKcY3ikqZoG9BnM2Kain-qcT0Qah1PfPoJaVDQ\/viewform\" target=\"_blank\" rel=\"noopener\">Registration for international participants will start <\/a><\/strong><\/span><\/h1>\n<h1 style=\"text-align: center;\"><span style=\"text-decoration: underline;\"><strong><a href=\"https:\/\/docs.google.com\/forms\/d\/e\/1FAIpQLSfSqaElmgFqgKcY3ikqZoG9BnM2Kain-qcT0Qah1PfPoJaVDQ\/viewform\" target=\"_blank\" rel=\"noopener\">15th September, 2026<\/a><\/strong><\/span><\/h1>\n<p style=\"text-align: center;\"><strong><\/strong><\/p>\n<table style=\"height: 200px; margin-left: auto; margin-right: auto;\" width=\"628\">\n<tbody>\n<tr style=\"height: 200px;\">\n<td style=\"height: 200px; width: 114.266px;\"><img loading=\"lazy\" decoding=\"async\" src=\"https:\/\/saulesziedas.lt\/wp-content\/uploads\/Baltu-centras_0-1.jpg\" width=\"300\" height=\"300\" alt=\"\" class=\"wp-image-760 alignnone size-full\" srcset=\"https:\/\/saulesziedas.lt\/wp-content\/uploads\/Baltu-centras_0-1.jpg 300w, https:\/\/saulesziedas.lt\/wp-content\/uploads\/Baltu-centras_0-1-150x150.jpg 150w\" sizes=\"(max-width: 300px) 100vw, 300px\" \/><\/td>\n<td style=\"height: 200px; width: 380.422px;\">\n<p style=\"text-align: center;\"><strong>Vytauto st. 84, 76285 \u0160iauliai, Lithuania<\/strong><\/p>\n<p style=\"text-align: center;\"><strong>Tel.: +370 685 33142, emal: saulesziedasfestival@gmail.com<\/strong><\/p>\n<p style=\"text-align: center;\"><strong>www.saulesziedas.lt<\/strong><\/p>\n<\/td>\n<td style=\"height: 200px; width: 111.312px;\"><img loading=\"lazy\" decoding=\"async\" src=\"https:\/\/saulesziedas.lt\/wp-content\/uploads\/siauliai.jpg\" width=\"300\" height=\"300\" alt=\"\" class=\"wp-image-772 alignnone size-full\" srcset=\"https:\/\/saulesziedas.lt\/wp-content\/uploads\/siauliai.jpg 300w, https:\/\/saulesziedas.lt\/wp-content\/uploads\/siauliai-150x150.jpg 150w\" sizes=\"(max-width: 300px) 100vw, 300px\" \/><\/td>\n<\/tr>\n<\/tbody>\n<\/table>\n<p style=\"text-align: center;\"><strong> <\/strong><\/p>\n<h3 style=\"text-align: center;\"><strong>XI INTERNATIONAL FOLK CONTEST-FESTIVAL<\/strong><\/h3>\n<h3 style=\"text-align: center;\"><strong>\u201cTHE FLOWER OF THE SUN\u201d 2027<\/strong><\/h3>\n<p style=\"text-align: center;\"><strong> <\/strong><\/p>\n<p style=\"text-align: center;\"><span><img loading=\"lazy\" decoding=\"async\" src=\"https:\/\/saulesziedas.lt\/wp-content\/uploads\/14-EN-universlus-ba-datos-be-nr-300x300.png\" width=\"209\" height=\"209\" alt=\"\" class=\"wp-image-9498 alignnone size-medium\" \/> <\/span><\/p>\n<h3 style=\"text-align: center;\"><strong>CONTEST-FESTIVAL REGULATIONS<\/strong><\/h3>\n<p><span> <\/span><strong><\/strong><\/p>\n<p><span><\/span><\/p>\n<h4 style=\"text-align: center;\"><strong>PREAMBUL<\/strong><\/h4>\n<p>PURPOSE OF THE EVENT<\/p>\n<ul>\n<li>To develop, educate and promote miscellaneous sociocultural and economic development of \u0160iauliai Region.<\/li>\n<li>To develop a positive image of \u0160iauliai Region in Lithuania and foreign countries.<\/li>\n<li>To promote the interest of society and festival guests on the traditional culture of Lithuania.<\/li>\n<li>To develop and promote cultural, interinstitutional cooperation, knowledge, dispersion, tourism of Northern Lithuania, and entrepreneurship.<\/li>\n<li>To develop a more qualitative, professional, discursive approach, by assessing the ethnic culture, its dispersion.<\/li>\n<li>To create conditions for young artists to get knowledge and take over the traditions of folk, to promote the interest of youth on folklore.<\/li>\n<li>To decrease the differences of culture dispersion between centers and regions.<\/li>\n<li>To promote the idea of volunteering.<\/li>\n<\/ul>\n<p>&nbsp;<\/p>\n<p>ORGANIZER<\/p>\n<p>XI International Contest-Festival &#8220;The Flower of the Sun&#8221; 2027 is organized by the Board of the Organizing Committee led by the Festival Director.<\/p>\n<p>Festival office: Vytauto St. 84, 76285 \u0160iauliai, Lithuania, Tel.: +370 685 33142, e-mail: <a href=\"mailto:saulesziedasfestival@gmail.com\">saulesziedasfestival@gmail.com<\/a>, web: <a href=\"http:\/\/www.saulesziedas.lt\">www.saulesziedas.lt<\/a><\/p>\n<p>&nbsp;<\/p>\n<h4 style=\"text-align: center;\"><strong> I. PARTICIPANTS AND ORGANIZATION<\/strong><\/h4>\n<p><strong><\/strong><\/p>\n<ol><\/ol>\n<ol><\/ol>\n<ol>\n<li>XI International Folk Contest-Festival \u201cThe Flower of the Sun\u201d 2025 will be held <strong>on 2-8 July 2027 in \u0160iauliai and \u0160iauliai region (Lithuania)<\/strong>.<\/li>\n<li>Contest-festival participants should submit in the Online Application. Online Application Form can be found on the festival website <a href=\"http:\/\/www.saulesziedas.lt\">saulesziedas.lt<\/a><\/li>\n<li>The organizers of the festival will consider the received material and select the groups and soloists.<\/li>\n<li>The participants (including the drivers, officials etc.) will have to pay their registration fee of 38 Euros per person.* Participant\u2019s registration fee is irrevocable.<\/li>\n<\/ol>\n<p>*The organizers committee reserves the right to reduce or exempt groups from participation fees in exceptional cases.<\/p>\n<ol start=\"5\">\n<li>The participants, officials and a driver will be offered free accommodation (in students dormitory) and meals, not less than three times per day, for the duration of the festival.*<\/li>\n<\/ol>\n<p>*No accommodation can be provided for any persons under the minimum age limit of the category entered (younger than 17 years old).<\/p>\n<ol start=\"6\">\n<li><strong>The maximum number in one group, including two officials &amp; 2 coach drivers may not exceed 32.<\/strong> Only two coach drivers per group are permitted. Extra members will have to cover the expenses themselves.<\/li>\n<li>Groups\/soloists coming to the contest by air transport will be transported from the airports to the festival place by the organizers. Arrival to the contest should be planned at the International Riga Airport-RIX (Latvia) (120 km distance from Contest City \u0160iauliai), the International Vilnius Airport-VNO (Lithuania) (210 km distance from Contest City \u0160iauliai) or the International Kaunas Airport-KUN (Lithuania) (160 km distance from Contest City \u0160iauliai).*<\/li>\n<\/ol>\n<p>*Other travel expenses will be covered by the group\/soloist.<\/p>\n<ol start=\"8\">\n<li>Arriving to the Contest-Festival the participants must have valid health insurance.<\/li>\n<li>Each participating group will have 1-2 volunteer-guides for the duration of the Festival to help navigate the city and festival programme.<\/li>\n<\/ol>\n<p><strong>\u00a0<\/strong><\/p>\n<h4 style=\"text-align: center;\"><strong>II. FESTIVAL REGULATIONS<\/strong><\/h4>\n<p>&nbsp;<\/p>\n<ol start=\"10\">\n<li>All music should be performed live. Recorded music and electric musical instruments will not be permitted in any competitions and festival concerts.<\/li>\n<li>During the performances the participants will have to wear national costumes.<\/li>\n<li>The competitors oblige themselves to take part in concerts and other engagements arranged by the organizers without any payment.<\/li>\n<li>Participants must follow the programme schedule agreed with the organizers.<\/li>\n<li>All festival-contest events will be recorded and\/or photographed. All footage can be published and used for creating festival related content and advertisement without any payment.<\/li>\n<li>The duration of performance at the Festival (not the Contest programme) is expected to be at least 30 minutes. Groups must be prepared to demonstrate their traditional national folk dances, games and actively involve the audience into the dances and games in the areas indicated by the festival organizers (these performances may not be on stage).<\/li>\n<li>1-2 pieces should be prepared for the festival concert in the Cathedral of the Apostles Saints Peter and Paul.<\/li>\n<\/ol>\n<p>&nbsp;<\/p>\n<p>&nbsp;<\/p>\n<h4 style=\"text-align: center;\"><strong>III. CATEGORIES AND REQUIREMENTS FOR THE CONTEST<\/strong><\/h4>\n<p><strong>\u00a0<\/strong><\/p>\n<p><strong>I Category: TRADITIONAL FOLK DANCE GROUPS<\/strong><\/p>\n<ul>\n<li>Number of dancers: 8 to 20. Plus, up to 12 others, including musicians\/flag bearers.<\/li>\n<li>Age limit: 17 years and over.<\/li>\n<li>Duration of the contest performance: up to 12 min. total.<\/li>\n<li>At least two dances, performed in their traditional manner. The sources of origin should be indicated in the application.<\/li>\n<li>Musicians will be mic\u2019ed (microphones will be provided).<\/li>\n<\/ul>\n<p><strong>II Category: CHOREOGRAPHED ARRANGEMENTS OF FOLK DANCES<\/strong><\/p>\n<ul>\n<li>Number of dancers allowed: 8 to 20. Plus, up to 12 others, including musicians\/flag bearers.<\/li>\n<li>Age limit: 17 years and over.<\/li>\n<li>Duration of the contest performance: up to 12 min. total.<\/li>\n<li>At least two choreographed dances or one dance composition. The authors of music\/arrangement and choreography should be indicated in the application.<\/li>\n<li>Musicians will be mic\u2019ed (microphones will be provided).<\/li>\n<\/ul>\n<p><strong>III Category: INSTRUMENTAL FOLK MUSIC ENSEMBLES<\/strong><\/p>\n<ul>\n<li>Number of musicians allowed: 3 to 12.<\/li>\n<li>Age limit: 17 years and over.<\/li>\n<li>Duration of the contest performance: up to 7 min. total.<\/li>\n<li>The ensembles should perform the instrumental traditional music of their country or region. The sources of the performed pieces should be indicated in the application.<\/li>\n<li>Contest programme will not be mic\u2019ed (acoustic performance).<\/li>\n<\/ul>\n<p><strong>IV Category: ENSEMBLES OF TRADITIONAL SINGING<\/strong><\/p>\n<ul>\n<li>Number of singers allowed: 3 to 16. Age limit: 17 years and over.<\/li>\n<li>Duration of the contest performance: up to 7 min. total.<\/li>\n<li>Two traditional one-part or two-part songs, performed in their traditional manner.<\/li>\n<li>The instrumental accompaniment is allowed if it is characteristic of the tradition (the piano\/grand piano excluded).<\/li>\n<li>The performance of the accompanists will not be evaluated by the jury or awarded.<\/li>\n<li>The sources of the songs should be indicated in the application.<\/li>\n<li>Contest programme will not be mic\u2019ed (acoustic performance).<\/li>\n<\/ul>\n<p><strong>V Category: FOLKSONG SOLO<\/strong><\/p>\n<ul>\n<li>Age limit: 17 years and over.<\/li>\n<li>Duration of the contest performance: up to 7 min. total.<\/li>\n<li>Accompaniment is allowed if it is characteristic of the tradition (the piano I grand piano excluded). The soloist may accompany himself\/herself. The performance of the accompanists will not be evaluated by the jury or awarded. The sources of the songs should be indicated in the application.<\/li>\n<li>Contest programme will not be mic\u2019ed (acoustic performance).<\/li>\n<\/ul>\n<p><strong>VI Category: INSTRUMENTAL SOLO<\/strong><\/p>\n<ul>\n<li>Age limit: 17 years and over.<\/li>\n<li>Duration of the contest performance: up to 7 min. total.<\/li>\n<li>Traditional tune(s) of the competitor\u2019s own country should be performed by a single player on one or several traditional instruments, performed in their traditional manner. Other musicians can not accompany the soloist.<\/li>\n<li>The sources of the pieces should be indicated in the application.<\/li>\n<li>Contest programme will not be mic\u2019ed (acoustic performance).<\/li>\n<\/ul>\n<p><strong>\u00a0<\/strong><\/p>\n<h4 style=\"text-align: center;\"><strong>IV. EVALUATION AND AWARDS<\/strong><\/h4>\n<p>&nbsp;<\/p>\n<ol start=\"17\">\n<li>The International Jury of the Contest will be formed by the organizers of the Festival according to the recommendations of the FIDAF and IOV.<\/li>\n<li>Jury decisions are final and indisputable.<\/li>\n<li>The Contest winners will be awarded Festival prizes, diplomas and money prizes:<\/li>\n<\/ol>\n<table width=\"493\" height=\"138\" style=\"margin-left: auto; margin-right: auto;\">\n<tbody>\n<tr>\n<td style=\"width: 178.971px;\">\n<p style=\"text-align: center;\"><strong>I category: 1000 \u20ac<\/strong><\/p>\n<p style=\"text-align: center;\"><strong>II category: 1000 \u20ac<\/strong><\/p>\n<p style=\"text-align: center;\"><strong>III category: 500 \u20ac<\/strong><\/p>\n<\/td>\n<td style=\"width: 15.5515px;\"><strong>\u00a0<\/strong><\/td>\n<td style=\"width: 277.419px;\">\n<p style=\"text-align: center;\"><strong>IV category: 500 \u20ac<\/strong><\/p>\n<p style=\"text-align: center;\"><strong>V category: 200 \u20ac<\/strong><\/p>\n<p style=\"text-align: center;\"><strong>VI category: 200 \u20ac<\/strong><\/p>\n<\/td>\n<\/tr>\n<\/tbody>\n<\/table>\n<ol start=\"20\">\n<li>The Contest 2<sup>nd <\/sup>and 3<sup>d<\/sup> place winner will be awarded Festival prizes and diplomas.<\/li>\n<li><strong> <\/strong><strong>The Grand Prize (\u201cGrand Prix\u201d) is 1,500 Euros.<\/strong><\/li>\n<li>The organizers of the contest-festival (taking into account the recommendations of the Jury) will award The Grand Prize to the most successful, distinct and outstanding group for the best performance in competitive and non-competitive concerts.<\/li>\n<li>Other prizes can be presented by the organizers, sponsors and officials.<\/li>\n<li>The organizing committee reserves the right to change any money prizes and other awards if fewer than 5 applications to compete in a certain category arrive. Participants will be informed in case of any changes by 16<sup>th<\/sup> June 2025.<\/li>\n<li>The organizers hold the right to change the regulations and conditions of the Festival.<\/li>\n<\/ol>\n<p>&nbsp;<\/p>\n<p>&nbsp;<\/p>\n<p>[\/et_pb_text][\/et_pb_column][\/et_pb_row][\/et_pb_section][et_pb_section fb_built=&#8221;1&#8243; _builder_version=&#8221;4.21.0&#8243; _module_preset=&#8221;default&#8221; background_color=&#8221;#FCC300&#8243; custom_padding=&#8221;30px||30px||true|false&#8221; border_width_top=&#8221;3px&#8221; border_color_top=&#8221;#EF7F1A&#8221; saved_tabs=&#8221;all&#8221; global_colors_info=&#8221;{}&#8221;][et_pb_row column_structure=&#8221;1_4,1_4,1_4,1_4&#8243; _builder_version=&#8221;4.21.0&#8243; _module_preset=&#8221;default&#8221; global_colors_info=&#8221;{}&#8221;][et_pb_column type=&#8221;1_4&#8243; _builder_version=&#8221;4.21.0&#8243; _module_preset=&#8221;default&#8221; global_colors_info=&#8221;{}&#8221;][et_pb_image src=&#8221;https:\/\/saulesziedas.lt\/wp-content\/uploads\/saules-ziedas-logo_0.png&#8221; title_text=&#8221;saules-ziedas-logo_0&#8243; _builder_version=&#8221;4.21.0&#8243; _module_preset=&#8221;default&#8221; width=&#8221;120px&#8221; max_width=&#8221;120px&#8221; module_alignment=&#8221;center&#8221; global_colors_info=&#8221;{}&#8221;][\/et_pb_image][\/et_pb_column][et_pb_column type=&#8221;1_4&#8243; _builder_version=&#8221;4.21.0&#8243; _module_preset=&#8221;default&#8221; global_colors_info=&#8221;{}&#8221;][et_pb_text _builder_version=&#8221;4.21.0&#8243; _module_preset=&#8221;default&#8221; text_text_color=&#8221;#AC2D2E&#8221; width=&#8221;99.7%&#8221; custom_margin=&#8221;|-129px||||&#8221; custom_padding=&#8221;|11px||||&#8221; global_colors_info=&#8221;{}&#8221;]<\/p>\n<p>International folk contest-festival<br \/><strong>SAUL\u0116S \u017dIEDAS<\/strong><\/p>\n<p>Vytauto st. 84, 76285 \u0160iauliai<br \/>Tel. +370 685 33142 <br \/>Email: saulesziedasfestival@gmail.com   <\/p>\n<p>[\/et_pb_text][\/et_pb_column][et_pb_column type=&#8221;1_4&#8243; _builder_version=&#8221;4.21.0&#8243; _module_preset=&#8221;default&#8221; global_colors_info=&#8221;{}&#8221;][et_pb_text _builder_version=&#8221;4.21.0&#8243; _module_preset=&#8221;default&#8221; text_text_color=&#8221;#AC2D2E&#8221; link_text_color=&#8221;#AC2D2E&#8221; width=&#8221;95.6%&#8221; custom_margin=&#8221;|||53px||&#8221; custom_padding=&#8221;|||16px||&#8221; global_colors_info=&#8221;{}&#8221;]<\/p>\n<p><strong>MENU<\/strong><\/p>\n<ul>\n<li><a href=\"https:\/\/saulesziedas.lt\/en\/\">Home page<\/a><\/li>\n<li><a href=\"https:\/\/saulesziedas.lt\/en\/participants\/\">Participants<\/a><\/li>\n<li><a href=\"https:\/\/saulesziedas.lt\/en\/programme\/\">Programme<\/a><\/li>\n<li><a href=\"\/apie-festivali\">About the contest-festival<\/a><\/li>\n<li><a href=\"https:\/\/saulesziedas.lt\/en\/sponsors\/\">Sponsors<\/a><\/li>\n<li><a href=\"https:\/\/saulesziedas.lt\/en\/contacts\/\">Contacts<\/a><\/li>\n<\/ul>\n<p>[\/et_pb_text][\/et_pb_column][et_pb_column type=&#8221;1_4&#8243; _builder_version=&#8221;4.21.0&#8243; _module_preset=&#8221;default&#8221; global_colors_info=&#8221;{}&#8221;][et_pb_button button_url=&#8221;https:\/\/www.facebook.com\/Ziedassaules&#8221; url_new_window=&#8221;on&#8221; button_text=&#8221;Facebook&#8221; _builder_version=&#8221;4.21.0&#8243; _module_preset=&#8221;default&#8221; custom_button=&#8221;on&#8221; button_border_width=&#8221;0px&#8221; button_icon=&#8221;&#xe093;||divi||400&#8243; button_icon_color=&#8221;#AC2D2E&#8221; button_icon_placement=&#8221;left&#8221; button_on_hover=&#8221;off&#8221; background_layout=&#8221;dark&#8221; global_colors_info=&#8221;{}&#8221;][\/et_pb_button][et_pb_button button_url=&#8221;https:\/\/www.instagram.com\/saules_ziedas\/&#8221; url_new_window=&#8221;on&#8221; button_text=&#8221;Instagram&#8221; _builder_version=&#8221;4.21.0&#8243; _module_preset=&#8221;default&#8221; custom_button=&#8221;on&#8221; button_border_width=&#8221;0px&#8221; button_icon=&#8221;&#xe09a;||divi||400&#8243; button_icon_color=&#8221;#AC2D2E&#8221; button_icon_placement=&#8221;left&#8221; button_on_hover=&#8221;off&#8221; background_layout=&#8221;dark&#8221; custom_margin=&#8221;-25px|||||&#8221; global_colors_info=&#8221;{}&#8221;][\/et_pb_button][et_pb_button button_url=&#8221;https:\/\/www.youtube.com\/@saulesziedas&#8221; url_new_window=&#8221;on&#8221; button_text=&#8221;YouTube&#8221; button_text_tablet=&#8221;&#8221; button_text_phone=&#8221;&#8221; button_text_last_edited=&#8221;on|desktop&#8221; _builder_version=&#8221;4.21.0&#8243; _module_preset=&#8221;default&#8221; custom_button=&#8221;on&#8221; button_border_width=&#8221;0px&#8221; button_icon=&#8221;&#xe0a3;||divi||400&#8243; button_icon_color=&#8221;#AC2D2E&#8221; button_icon_placement=&#8221;left&#8221; button_on_hover=&#8221;off&#8221; background_layout=&#8221;dark&#8221; custom_margin=&#8221;-20px|||||&#8221; global_colors_info=&#8221;{}&#8221;][\/et_pb_button][\/et_pb_column][\/et_pb_row][\/et_pb_section][et_pb_section fb_built=&#8221;1&#8243; _builder_version=&#8221;4.21.0&#8243; _module_preset=&#8221;default&#8221; background_color=&#8221;#AC2D2E&#8221; custom_padding=&#8221;0px||0px||true|false&#8221; saved_tabs=&#8221;all&#8221; global_colors_info=&#8221;{}&#8221;][et_pb_row _builder_version=&#8221;4.21.0&#8243; _module_preset=&#8221;default&#8221; global_colors_info=&#8221;{}&#8221;][et_pb_column type=&#8221;4_4&#8243; _builder_version=&#8221;4.21.0&#8243; _module_preset=&#8221;default&#8221; global_colors_info=&#8221;{}&#8221;][et_pb_text _builder_version=&#8221;4.21.0&#8243; _module_preset=&#8221;default&#8221; text_text_color=&#8221;#FCC300&#8243; text_orientation=&#8221;center&#8221; global_colors_info=&#8221;{}&#8221;]<\/p>\n<p>\u00a9 Saul\u0117s \u017eiedas. 2023 | \u00a9 Internetini\u0173 parduotuvi\u0173 ir internetini\u0173 svetaini\u0173 k\u016brimas \u2013 <a href=\"https:\/\/dipolis.com\" target=\"_blank\" rel=\"noopener\">Dipolis.com<\/a>. 2023  <\/p>\n<p>[\/et_pb_text][\/et_pb_column][\/et_pb_row][\/et_pb_section]<\/p>\n","protected":false},"excerpt":{"rendered":"<p>Registration for international participants will start 15th September, 2026 Vytauto st. 84, 76285 \u0160iauliai, Lithuania Tel.: +370 685 33142, emal: saulesziedasfestival@gmail.com www.saulesziedas.lt XI INTERNATIONAL FOLK CONTEST-FESTIVAL \u201cTHE FLOWER OF THE SUN\u201d 2027 CONTEST-FESTIVAL REGULATIONS PREAMBUL PURPOSE OF THE EVENT To develop, educate and promote miscellaneous sociocultural and economic development of \u0160iauliai Region. To develop a [&hellip;]<\/p>\n","protected":false},"author":3,"featured_media":0,"parent":0,"menu_order":0,"comment_status":"closed","ping_status":"closed","template":"","meta":{"_et_pb_use_builder":"on","_et_pb_old_content":"","_et_gb_content_width":"","footnotes":""},"class_list":["post-9574","page","type-page","status-publish","hentry"],"_links":{"self":[{"href":"https:\/\/saulesziedas.lt\/en\/wp-json\/wp\/v2\/pages\/9574","targetHints":{"allow":["GET"]}}],"collection":[{"href":"https:\/\/saulesziedas.lt\/en\/wp-json\/wp\/v2\/pages"}],"about":[{"href":"https:\/\/saulesziedas.lt\/en\/wp-json\/wp\/v2\/types\/page"}],"author":[{"embeddable":true,"href":"https:\/\/saulesziedas.lt\/en\/wp-json\/wp\/v2\/users\/3"}],"replies":[{"embeddable":true,"href":"https:\/\/saulesziedas.lt\/en\/wp-json\/wp\/v2\/comments?post=9574"}],"version-history":[{"count":17,"href":"https:\/\/saulesziedas.lt\/en\/wp-json\/wp\/v2\/pages\/9574\/revisions"}],"predecessor-version":[{"id":14858,"href":"https:\/\/saulesziedas.lt\/en\/wp-json\/wp\/v2\/pages\/9574\/revisions\/14858"}],"wp:attachment":[{"href":"https:\/\/saulesziedas.lt\/en\/wp-json\/wp\/v2\/media?parent=9574"}],"curies":[{"name":"wp","href":"https:\/\/api.w.org\/{rel}","templated":true}]}}